{"id":3079,"date":"2022-07-15T13:04:04","date_gmt":"2022-07-15T13:04:04","guid":{"rendered":"https:\/\/www.intermann.fr\/?page_id=3079"},"modified":"2024-10-10T13:40:41","modified_gmt":"2024-10-10T13:40:41","slug":"thank-you","status":"publish","type":"page","link":"https:\/\/www.intermann.fr\/en\/thank-you\/","title":{"rendered":"Thank you for your request for recruitment \/ secondment"},"content":{"rendered":"<div data-elementor-type=\"wp-page\" data-elementor-id=\"3079\" class=\"elementor elementor-3079\" data-elementor-post-type=\"page\">\n\t\t\t\t\t\t<section class=\"elementor-section elementor-top-section elementor-element elementor-element-07d004a elementor-section-boxed elementor-section-height-default elementor-section-height-default\" data-id=\"07d004a\" data-element_type=\"section\">\n\t\t\t\t\t\t<div class=\"elementor-container elementor-column-gap-default\">\n\t\t\t\t\t<div class=\"elementor-column elementor-col-100 elementor-top-column elementor-element elementor-element-9e0e101\" data-id=\"9e0e101\" data-element_type=\"column\">\n\t\t\t<div class=\"elementor-widget-wrap elementor-element-populated\">\n\t\t\t\t\t\t<div class=\"elementor-element elementor-element-b245b7c elementor-widget elementor-widget-heading\" data-id=\"b245b7c\" data-element_type=\"widget\" data-widget_type=\"heading.default\">\n\t\t\t\t<div class=\"elementor-widget-container\">\n\t\t\t\t\t<h1 class=\"elementor-heading-title elementor-size-default\">Thank you for your request for secondment \/ recruitment<\/h1>\t\t\t\t<\/div>\n\t\t\t\t<\/div>\n\t\t\t\t\t<\/div>\n\t\t<\/div>\n\t\t\t\t\t<\/div>\n\t\t<\/section>\n\t\t\t\t<section class=\"elementor-section elementor-top-section elementor-element elementor-element-42ab2d5 elementor-section-boxed elementor-section-height-default elementor-section-height-default\" data-id=\"42ab2d5\" data-element_type=\"section\">\n\t\t\t\t\t\t<div class=\"elementor-container elementor-column-gap-default\">\n\t\t\t\t\t<div class=\"elementor-column elementor-col-100 elementor-top-column elementor-element elementor-element-b4c69a9\" data-id=\"b4c69a9\" data-element_type=\"column\">\n\t\t\t<div class=\"elementor-widget-wrap elementor-element-populated\">\n\t\t\t\t\t\t<div class=\"elementor-element elementor-element-90b9330 elementor-widget elementor-widget-video\" data-id=\"90b9330\" data-element_type=\"widget\" data-settings=\"{&quot;youtube_url&quot;:&quot;https:\\\/\\\/www.youtube.com\\\/watch?v=A5uG5ULPLIQ&quot;,&quot;video_type&quot;:&quot;youtube&quot;,&quot;controls&quot;:&quot;yes&quot;}\" data-widget_type=\"video.default\">\n\t\t\t\t<div class=\"elementor-widget-container\">\n\t\t\t\t\t\t\t<div class=\"elementor-wrapper elementor-open-inline\">\n\t\t\t<div class=\"elementor-video\"><\/div>\t\t<\/div>\n\t\t\t\t\t\t<\/div>\n\t\t\t\t<\/div>\n\t\t\t\t<div class=\"elementor-element elementor-element-b9dd681 elementor-widget elementor-widget-html\" data-id=\"b9dd681\" data-element_type=\"widget\" data-widget_type=\"html.default\">\n\t\t\t\t<div class=\"elementor-widget-container\">\n\t\t\t\t\t<!-- Event snippet for Purchase Tracking For GSF567493 - 20230907022535 conversion page -->\r\n<script>\r\n  gtag('event', 'conversion', {\r\n      'send_to': 'AW-11308099291\/oLgmCIa0z94YENvNj5Aq',\r\n      'value': 50.0,\r\n      'currency': 'EUR',\r\n      'transaction_id': ''\r\n  });\r\n<\/script>\r\n\t\t\t\t<\/div>\n\t\t\t\t<\/div>\n\t\t\t\t<div class=\"elementor-element elementor-element-042d508 elementor-cta--skin-classic elementor-animated-content elementor-bg-transform elementor-bg-transform-zoom-in elementor-widget elementor-widget-call-to-action\" data-id=\"042d508\" data-element_type=\"widget\" data-widget_type=\"call-to-action.default\">\n\t\t\t\t<div class=\"elementor-widget-container\">\n\t\t\t\t\t\t\t<div class=\"elementor-cta\">\n\t\t\t\t\t\t\t<div class=\"elementor-cta__content\">\n\t\t\t\t\n\t\t\t\t\t\t\t\t\t<h2 class=\"elementor-cta__title elementor-cta__content-item elementor-content-item\">\n\t\t\t\t\t\t+33 7 45 05 46 77\t\t\t\t\t<\/h2>\n\t\t\t\t\n\t\t\t\t\t\t\t\t\t<div class=\"elementor-cta__description elementor-cta__content-item elementor-content-item\">\n\t\t\t\t\t\tOur sales representative in Toulouse, France \t\t\t\t\t<\/div>\n\t\t\t\t\n\t\t\t\t\t\t\t\t\t<div class=\"elementor-cta__button-wrapper elementor-cta__content-item elementor-content-item\">\n\t\t\t\t\t<a class=\"elementor-cta__button elementor-button elementor-size-\" href=\"tel:+33%207%2045%2005%2046%2077\">\n\t\t\t\t\t\tCall Morgan Roggy here\t\t\t\t\t<\/a>\n\t\t\t\t\t<\/div>\n\t\t\t\t\t\t\t<\/div>\n\t\t\t\t\t\t<\/div>\n\t\t\t\t\t\t<\/div>\n\t\t\t\t<\/div>\n\t\t\t\t<div class=\"elementor-element elementor-element-9167d35 elementor-widget elementor-widget-heading\" data-id=\"9167d35\" data-element_type=\"widget\" data-widget_type=\"heading.default\">\n\t\t\t\t<div class=\"elementor-widget-container\">\n\t\t\t\t\t<h2 class=\"elementor-heading-title elementor-size-default\">What happens now? <\/h2>\t\t\t\t<\/div>\n\t\t\t\t<\/div>\n\t\t\t\t<div class=\"elementor-element elementor-element-5f9443a elementor-widget elementor-widget-text-editor\" data-id=\"5f9443a\" data-element_type=\"widget\" data-widget_type=\"text-editor.default\">\n\t\t\t\t<div class=\"elementor-widget-container\">\n\t\t\t\t\t\t\t\t\t<p>One of our experts will prepare a file based on the initial information we have, and our sales representative will call you within 48 working hours to collect the missing information, such as the salary applied in your company for this position.<br \/>You will then receive an offer for secondment or recruitment, which you will have to sign if it suits you.\u00a0<\/p><p>Once this offer has been signed, we will immediately start searching our database and our entire Eastern European networking system.\u00a0<br \/>On average, the search takes between one and three weeks, and we'll regularly send you French-language CVs that you can approve or reject.\u00a0\u00a0<\/p><p>You'll always have a contact who will follow you throughout the process, and who will remain at your disposal once the worker has been placed with your company.\u00a0<\/p>\t\t\t\t\t\t\t\t<\/div>\n\t\t\t\t<\/div>\n\t\t\t\t<div class=\"elementor-element elementor-element-19906b7 elementor-widget elementor-widget-image\" data-id=\"19906b7\" data-element_type=\"widget\" data-widget_type=\"image.default\">\n\t\t\t\t<div class=\"elementor-widget-container\">\n\t\t\t\t\t\t\t\t\t\t\t\t\t\t\t<img fetchpriority=\"high\" decoding=\"async\" width=\"800\" height=\"600\" src=\"https:\/\/www.intermann.fr\/wp-content\/uploads\/2022\/07\/IMG-0821-1024x768.jpg\" class=\"attachment-large size-large wp-image-3097\" alt=\"Intermann Offices\" srcset=\"https:\/\/www.intermann.fr\/wp-content\/uploads\/2022\/07\/IMG-0821-1024x768.jpg 1024w, https:\/\/www.intermann.fr\/wp-content\/uploads\/2022\/07\/IMG-0821-300x225.jpg 300w, https:\/\/www.intermann.fr\/wp-content\/uploads\/2022\/07\/IMG-0821-768x576.jpg 768w, https:\/\/www.intermann.fr\/wp-content\/uploads\/2022\/07\/IMG-0821-1536x1152.jpg 1536w, https:\/\/www.intermann.fr\/wp-content\/uploads\/2022\/07\/IMG-0821-2048x1536.jpg 2048w\" sizes=\"(max-width: 800px) 100vw, 800px\" \/>\t\t\t\t\t\t\t\t\t\t\t\t\t\t\t<\/div>\n\t\t\t\t<\/div>\n\t\t\t\t\t<\/div>\n\t\t<\/div>\n\t\t\t\t\t<\/div>\n\t\t<\/section>\n\t\t\t\t<\/div>","protected":false},"excerpt":{"rendered":"<p>Merci pour votre demande de d\u00e9tachement \/ recrutement +33 7 45 05 46 77 Notre agent commercial \/ Repr\u00e9sentant en France \u00e0 Toulouse Appelez Morgan Roggy ici Que va t&rsquo;il se passer maintenant ? Un de nos experts va pr\u00e9parer selon les premi\u00e8res informations que nous avons un d\u00e9but de dossier et notre charg\u00e9 commercial [&hellip;]<\/p>","protected":false},"author":1,"featured_media":0,"parent":0,"menu_order":0,"comment_status":"closed","ping_status":"closed","template":"","meta":{"rop_custom_images_group":[],"rop_custom_messages_group":[],"rop_publish_now":"initial","rop_publish_now_accounts":[],"rop_publish_now_history":[],"rop_publish_now_status":"pending","footnotes":""},"class_list":["post-3079","page","type-page","status-publish","hentry"],"yoast_head":"<!-- This site is optimized with the Yoast SEO plugin v26.6 - https:\/\/yoast.com\/wordpress\/plugins\/seo\/ -->\n<title>Merci pour votre demande de recrutement \/ d\u00e9tachement<\/title>\n<meta name=\"robots\" content=\"noindex, follow\" \/>\n<meta property=\"og:locale\" content=\"en_US\" \/>\n<meta property=\"og:type\" content=\"article\" \/>\n<meta property=\"og:title\" content=\"Merci pour votre demande de recrutement \/ d\u00e9tachement\" \/>\n<meta property=\"og:description\" content=\"Merci pour votre demande de d\u00e9tachement \/ recrutement +33 7 45 05 46 77 Notre agent commercial \/ Repr\u00e9sentant en France \u00e0 Toulouse Appelez Morgan Roggy ici Que va t&rsquo;il se passer maintenant ? Un de nos experts va pr\u00e9parer selon les premi\u00e8res informations que nous avons un d\u00e9but de dossier et notre charg\u00e9 commercial [&hellip;]\" \/>\n<meta property=\"og:url\" content=\"https:\/\/www.intermann.fr\/en\/thank-you\/\" \/>\n<meta property=\"og:site_name\" content=\"Intermann\" \/>\n<meta property=\"article:publisher\" content=\"https:\/\/www.facebook.com\/muncainFranta\" \/>\n<meta property=\"article:modified_time\" content=\"2024-10-10T13:40:41+00:00\" \/>\n<meta property=\"og:image\" content=\"https:\/\/www.intermann.fr\/wp-content\/uploads\/2022\/07\/IMG-0821-1024x768.jpg\" \/>\n<meta name=\"twitter:card\" content=\"summary_large_image\" \/>\n<meta name=\"twitter:site\" content=\"@intermann_work\" \/>\n<meta name=\"twitter:label1\" content=\"Est. reading time\" \/>\n\t<meta name=\"twitter:data1\" content=\"2 minutes\" \/>\n<script type=\"application\/ld+json\" class=\"yoast-schema-graph\">{\"@context\":\"https:\/\/schema.org\",\"@graph\":[{\"@type\":\"WebPage\",\"@id\":\"https:\/\/www.intermann.fr\/merci\/\",\"url\":\"https:\/\/www.intermann.fr\/merci\/\",\"name\":\"Merci pour votre demande de recrutement \/ d\u00e9tachement\",\"isPartOf\":{\"@id\":\"https:\/\/www.intermann.fr\/#website\"},\"primaryImageOfPage\":{\"@id\":\"https:\/\/www.intermann.fr\/merci\/#primaryimage\"},\"image\":{\"@id\":\"https:\/\/www.intermann.fr\/merci\/#primaryimage\"},\"thumbnailUrl\":\"https:\/\/www.intermann.fr\/wp-content\/uploads\/2022\/07\/IMG-0821-1024x768.jpg\",\"datePublished\":\"2022-07-15T13:04:04+00:00\",\"dateModified\":\"2024-10-10T13:40:41+00:00\",\"breadcrumb\":{\"@id\":\"https:\/\/www.intermann.fr\/merci\/#breadcrumb\"},\"inLanguage\":\"en-US\",\"potentialAction\":[{\"@type\":\"ReadAction\",\"target\":[\"https:\/\/www.intermann.fr\/merci\/\"]}]},{\"@type\":\"ImageObject\",\"inLanguage\":\"en-US\",\"@id\":\"https:\/\/www.intermann.fr\/merci\/#primaryimage\",\"url\":\"https:\/\/www.intermann.fr\/wp-content\/uploads\/2022\/07\/IMG-0821-1024x768.jpg\",\"contentUrl\":\"https:\/\/www.intermann.fr\/wp-content\/uploads\/2022\/07\/IMG-0821-1024x768.jpg\"},{\"@type\":\"BreadcrumbList\",\"@id\":\"https:\/\/www.intermann.fr\/merci\/#breadcrumb\",\"itemListElement\":[{\"@type\":\"ListItem\",\"position\":1,\"name\":\"Intermann Agence Interim Roumanie\",\"item\":\"https:\/\/www.intermann.fr\/\"},{\"@type\":\"ListItem\",\"position\":2,\"name\":\"Merci\"}]},{\"@type\":\"WebSite\",\"@id\":\"https:\/\/www.intermann.fr\/#website\",\"url\":\"https:\/\/www.intermann.fr\/\",\"name\":\"Intermann\",\"description\":\"Recruter en Roumanie pour votre secteur en France\",\"publisher\":{\"@id\":\"https:\/\/www.intermann.fr\/#organization\"},\"potentialAction\":[{\"@type\":\"SearchAction\",\"target\":{\"@type\":\"EntryPoint\",\"urlTemplate\":\"https:\/\/www.intermann.fr\/?s={search_term_string}\"},\"query-input\":{\"@type\":\"PropertyValueSpecification\",\"valueRequired\":true,\"valueName\":\"search_term_string\"}}],\"inLanguage\":\"en-US\"},{\"@type\":\"Organization\",\"@id\":\"https:\/\/www.intermann.fr\/#organization\",\"name\":\"Intermann : Agence travailleur temporaire\",\"alternateName\":\"Intermann\",\"url\":\"https:\/\/www.intermann.fr\/\",\"logo\":{\"@type\":\"ImageObject\",\"inLanguage\":\"en-US\",\"@id\":\"https:\/\/www.intermann.fr\/#\/schema\/logo\/image\/\",\"url\":\"https:\/\/www.intermann.fr\/wp-content\/uploads\/2022\/05\/logo-Intermann.png\",\"contentUrl\":\"https:\/\/www.intermann.fr\/wp-content\/uploads\/2022\/05\/logo-Intermann.png\",\"width\":2472,\"height\":2142,\"caption\":\"Intermann : Agence travailleur temporaire\"},\"image\":{\"@id\":\"https:\/\/www.intermann.fr\/#\/schema\/logo\/image\/\"},\"sameAs\":[\"https:\/\/www.facebook.com\/muncainFranta\",\"https:\/\/x.com\/intermann_work\",\"https:\/\/www.linkedin.com\/company\/intermann-interim\/\"]}]}<\/script>\n<!-- \/ Yoast SEO plugin. -->","yoast_head_json":{"title":"Thank you for your request for recruitment \/ secondment","robots":{"index":"noindex","follow":"follow"},"og_locale":"en_US","og_type":"article","og_title":"Merci pour votre demande de recrutement \/ d\u00e9tachement","og_description":"Merci pour votre demande de d\u00e9tachement \/ recrutement +33 7 45 05 46 77 Notre agent commercial \/ Repr\u00e9sentant en France \u00e0 Toulouse Appelez Morgan Roggy ici Que va t&rsquo;il se passer maintenant ? Un de nos experts va pr\u00e9parer selon les premi\u00e8res informations que nous avons un d\u00e9but de dossier et notre charg\u00e9 commercial [&hellip;]","og_url":"https:\/\/www.intermann.fr\/en\/thank-you\/","og_site_name":"Intermann","article_publisher":"https:\/\/www.facebook.com\/muncainFranta","article_modified_time":"2024-10-10T13:40:41+00:00","og_image":[{"url":"https:\/\/www.intermann.fr\/wp-content\/uploads\/2022\/07\/IMG-0821-1024x768.jpg","type":"","width":"","height":""}],"twitter_card":"summary_large_image","twitter_site":"@intermann_work","twitter_misc":{"Est. reading time":"2 minutes"},"schema":{"@context":"https:\/\/schema.org","@graph":[{"@type":"WebPage","@id":"https:\/\/www.intermann.fr\/merci\/","url":"https:\/\/www.intermann.fr\/merci\/","name":"Thank you for your request for recruitment \/ secondment","isPartOf":{"@id":"https:\/\/www.intermann.fr\/#website"},"primaryImageOfPage":{"@id":"https:\/\/www.intermann.fr\/merci\/#primaryimage"},"image":{"@id":"https:\/\/www.intermann.fr\/merci\/#primaryimage"},"thumbnailUrl":"https:\/\/www.intermann.fr\/wp-content\/uploads\/2022\/07\/IMG-0821-1024x768.jpg","datePublished":"2022-07-15T13:04:04+00:00","dateModified":"2024-10-10T13:40:41+00:00","breadcrumb":{"@id":"https:\/\/www.intermann.fr\/merci\/#breadcrumb"},"inLanguage":"en-US","potentialAction":[{"@type":"ReadAction","target":["https:\/\/www.intermann.fr\/merci\/"]}]},{"@type":"ImageObject","inLanguage":"en-US","@id":"https:\/\/www.intermann.fr\/merci\/#primaryimage","url":"https:\/\/www.intermann.fr\/wp-content\/uploads\/2022\/07\/IMG-0821-1024x768.jpg","contentUrl":"https:\/\/www.intermann.fr\/wp-content\/uploads\/2022\/07\/IMG-0821-1024x768.jpg"},{"@type":"BreadcrumbList","@id":"https:\/\/www.intermann.fr\/merci\/#breadcrumb","itemListElement":[{"@type":"ListItem","position":1,"name":"Intermann Agence Interim Roumanie","item":"https:\/\/www.intermann.fr\/"},{"@type":"ListItem","position":2,"name":"Merci"}]},{"@type":"WebSite","@id":"https:\/\/www.intermann.fr\/#website","url":"https:\/\/www.intermann.fr\/","name":"Intermann","description":"Recruiting in Romania for your industry in France","publisher":{"@id":"https:\/\/www.intermann.fr\/#organization"},"potentialAction":[{"@type":"SearchAction","target":{"@type":"EntryPoint","urlTemplate":"https:\/\/www.intermann.fr\/?s={search_term_string}"},"query-input":{"@type":"PropertyValueSpecification","valueRequired":true,"valueName":"search_term_string"}}],"inLanguage":"en-US"},{"@type":"Organization","@id":"https:\/\/www.intermann.fr\/#organization","name":"Intermann: Temporary agency","alternateName":"Intermann","url":"https:\/\/www.intermann.fr\/","logo":{"@type":"ImageObject","inLanguage":"en-US","@id":"https:\/\/www.intermann.fr\/#\/schema\/logo\/image\/","url":"https:\/\/www.intermann.fr\/wp-content\/uploads\/2022\/05\/logo-Intermann.png","contentUrl":"https:\/\/www.intermann.fr\/wp-content\/uploads\/2022\/05\/logo-Intermann.png","width":2472,"height":2142,"caption":"Intermann : Agence travailleur temporaire"},"image":{"@id":"https:\/\/www.intermann.fr\/#\/schema\/logo\/image\/"},"sameAs":["https:\/\/www.facebook.com\/muncainFranta","https:\/\/x.com\/intermann_work","https:\/\/www.linkedin.com\/company\/intermann-interim\/"]}]}},"_links":{"self":[{"href":"https:\/\/www.intermann.fr\/en\/wp-json\/wp\/v2\/pages\/3079","targetHints":{"allow":["GET"]}}],"collection":[{"href":"https:\/\/www.intermann.fr\/en\/wp-json\/wp\/v2\/pages"}],"about":[{"href":"https:\/\/www.intermann.fr\/en\/wp-json\/wp\/v2\/types\/page"}],"author":[{"embeddable":true,"href":"https:\/\/www.intermann.fr\/en\/wp-json\/wp\/v2\/users\/1"}],"replies":[{"embeddable":true,"href":"https:\/\/www.intermann.fr\/en\/wp-json\/wp\/v2\/comments?post=3079"}],"version-history":[{"count":38,"href":"https:\/\/www.intermann.fr\/en\/wp-json\/wp\/v2\/pages\/3079\/revisions"}],"predecessor-version":[{"id":8929,"href":"https:\/\/www.intermann.fr\/en\/wp-json\/wp\/v2\/pages\/3079\/revisions\/8929"}],"wp:attachment":[{"href":"https:\/\/www.intermann.fr\/en\/wp-json\/wp\/v2\/media?parent=3079"}],"curies":[{"name":"wp","href":"https:\/\/api.w.org\/{rel}","templated":true}]}}