{"id":7496,"date":"2023-12-08T13:35:44","date_gmt":"2023-12-08T13:35:44","guid":{"rendered":"https:\/\/www.intermann.fr\/?page_id=7496"},"modified":"2023-12-08T13:35:44","modified_gmt":"2023-12-08T13:35:44","slug":"sitemap","status":"publish","type":"page","link":"https:\/\/www.intermann.fr\/de\/sitemap\/","title":{"rendered":"Sitemap"},"content":{"rendered":"<div class=\"kwayy-html-sitemap-wrapper\"><h2 class=\"kwayy-html-sitemap-post-title kwayy-post-title\">Artikel<\/h2><ul class=\"kwayy-html-sitemap-post-list kwayy-post-list\"><ul><li><a href=\"https:\/\/www.intermann.fr\/de\/blog\/franzosischsprachig-rumanien\/\">Wie hoch ist der Anteil der frankophonen Bev\u00f6lkerung in Rum\u00e4nien?<\/a><\/li><li><a href=\"https:\/\/www.intermann.fr\/de\/blog\/recruter-ouvriers-btp-france\/\">Comment recruter des ouvriers BTP en France en 2026 : guide complet<\/a><\/li><li><a href=\"https:\/\/www.intermann.fr\/de\/blog\/travail-detache-vs-interim\/\">Travail d\u00e9tach\u00e9 vs int\u00e9rim classique : quels avantages pour votre entreprise ?<\/a><\/li><li><a href=\"https:\/\/www.intermann.fr\/de\/blog\/recruter-chauffeur-routier-roumain\/\">Recruter un chauffeur routier roumain : d\u00e9marches et avantages<\/a><\/li><li><a href=\"https:\/\/www.intermann.fr\/de\/blog\/penurie-main-oeuvre-btp-solutions\/\">P\u00e9nurie de main-d\u2019\u0153uvre dans le BTP : les solutions concr\u00e8tes en 2026<\/a><\/li><li><a href=\"https:\/\/www.intermann.fr\/de\/blog\/cout-travailleur-detache-roumain\/\">Combien co\u00fbte un travailleur d\u00e9tach\u00e9 roumain ? Tarifs et simulation<\/a><\/li><li><a href=\"https:\/\/www.intermann.fr\/de\/blog\/reglementation-travail-detache-france\/\">R\u00e9glementation du travail d\u00e9tach\u00e9 en France : ce que vous devez savoir<\/a><\/li><li><a href=\"https:\/\/www.intermann.fr\/de\/blog\/personal-bauwesen-frankreich\/\">Warum ist es in Frankreich schwierig, Personal im Baugewerbe zu finden?<\/a><\/li><li><a href=\"https:\/\/www.intermann.fr\/de\/blog\/detachieren-eines-nichteuropaischen\/\">Kann man einen Nicht-Europ\u00e4er nach Frankreich entsenden?<\/a><\/li><li><a href=\"https:\/\/www.intermann.fr\/de\/blog\/quest-ce-quun-travailleur-detache\/\">Was ist ein entsandter Arbeitnehmer?<\/a><\/li><li><a href=\"https:\/\/www.intermann.fr\/de\/blog\/a1-leiharbeit\/\">Was ist das Dokument A1 f\u00fcr entsandte Arbeit?<\/a><\/li><li><a href=\"https:\/\/www.intermann.fr\/de\/blog\/hochstdauer-des-entsandten-arbeitnehmers\/\">Wie lange darf ein Vertrag mit einem entsandten Arbeitnehmer maximal dauern?<\/a><\/li><li><a href=\"https:\/\/www.intermann.fr\/de\/blog\/unterkunft-fur-gastarbeiter\/\">Wie hoch ist die Unterbringungspflicht f\u00fcr entsandte Arbeitnehmer?<\/a><\/li><li><a href=\"https:\/\/www.intermann.fr\/de\/blog\/wie-viele-entsandte-arbeitnehmer-in-frankreich\/\">Wie viele entsandte Arbeitnehmer gibt es in Frankreich?<\/a><\/li><li><a href=\"https:\/\/www.intermann.fr\/de\/blog\/btp-karte-entsendung\/\">Wie stelle ich eine BTP-Karte f\u00fcr einen Zeitarbeiter aus?<\/a><\/li><\/ul><\/ul><h2 class=\"kwayy-html-sitemap-post-title kwayy-page-title\">Seiten<\/h2><ul class=\"kwayy-html-sitemap-post-list kwayy-page-list\"><ul><li><a href=\"https:\/\/www.intermann.fr\/de\/danke\/\">Vielen Dank f\u00fcr Ihren Antrag auf Einstellung \/ Entsendung<\/a><\/li><li><a href=\"https:\/\/www.intermann.fr\/de\">Intermann: Agentur Interim<\/a><\/li><li><a href=\"https:\/\/www.intermann.fr\/de\/warum-rumanien\/\">Warum Rum\u00e4nien<\/a><\/li><li><a href=\"https:\/\/www.intermann.fr\/de\/leiharbeiter-einstellen\/\">Kontakt<\/a><\/li><li><a href=\"https:\/\/www.intermann.fr\/de\/rekrutieren-hotellerie-in-rumanien\/\">Rekrutierung von Hotelangestellten in Rum\u00e4nien<\/a><ul><li><a href=\"https:\/\/www.intermann.fr\/de\/rekrutieren-hotellerie-in-rumanien\/hausfrauen\/\">Rekrutierung von Putzfrauen<\/a><\/li><li><a href=\"https:\/\/www.intermann.fr\/de\/rekrutieren-hotellerie-in-rumanien\/rekrutierung-von-cafer-boys\/\">Rekrutierung von Kellnerinnen und Kellnern<\/a><\/li><li><a href=\"https:\/\/www.intermann.fr\/de\/rekrutieren-hotellerie-in-rumanien\/einstellung-eines-sommeliers\/\">Sommelier Rekrutierung<\/a><\/li><li><a href=\"https:\/\/www.intermann.fr\/de\/rekrutieren-hotellerie-in-rumanien\/einstellung-von-rezeptionisten\/\">Rekrutierung von Rezeptionisten<\/a><\/li><li><a href=\"https:\/\/www.intermann.fr\/de\/rekrutieren-hotellerie-in-rumanien\/einstellung-von-patissiers\/\">Rekrutierung von Konditoren<\/a><\/li><li><a href=\"https:\/\/www.intermann.fr\/de\/rekrutieren-hotellerie-in-rumanien\/anwerbung-von-gouvernanten\/\">Rekrutierung von Regierenden<\/a><\/li><li><a href=\"https:\/\/www.intermann.fr\/de\/rekrutieren-hotellerie-in-rumanien\/einstellung-von-kellnern\/\">Kellner Rekrutierung<\/a><\/li><li><a href=\"https:\/\/www.intermann.fr\/de\/rekrutieren-hotellerie-in-rumanien\/einstellung-eines-kuchenchefs\/\">Rekrutierung von K\u00fcchenchefs<\/a><\/li><li><a href=\"https:\/\/www.intermann.fr\/de\/rekrutieren-hotellerie-in-rumanien\/metzger\/\">Rekrutierung von Metzgern<\/a><\/li><li><a href=\"https:\/\/www.intermann.fr\/de\/rekrutieren-hotellerie-in-rumanien\/kuchenhilfe\/\">Rekrutierung von K\u00fcchenkommissaren<\/a><\/li><li><a href=\"https:\/\/www.intermann.fr\/de\/rekrutieren-hotellerie-in-rumanien\/einstellung-eines-butlers\/\">Rekrutierung von Butler<\/a><\/li><li><a href=\"https:\/\/www.intermann.fr\/de\/rekrutieren-hotellerie-in-rumanien\/anwerbung-von-valet-parkern\/\">Rekrutierung von Voiturier<\/a><\/li><li><a href=\"https:\/\/www.intermann.fr\/de\/rekrutieren-hotellerie-in-rumanien\/taucher\/\">Rekrutierung von Tauchern<\/a><\/li><li><a href=\"https:\/\/www.intermann.fr\/de\/rekrutieren-hotellerie-in-rumanien\/chocolatier-confiseur-detache-aus-rumanien-einstellen\/\">Rekrutierung von Chocolatier-Confiseure<\/a><\/li><li><a href=\"https:\/\/www.intermann.fr\/de\/rekrutieren-hotellerie-in-rumanien\/einstellung-eines-fischhandlers\/\">Rekrutierung eines Fischh\u00e4ndlers<\/a><\/li><li><a href=\"https:\/\/www.intermann.fr\/de\/rekrutieren-hotellerie-in-rumanien\/einstellung-von-barkeepern\/\">Rekrutierung von Barkeepern<\/a><\/li><li><a href=\"https:\/\/www.intermann.fr\/de\/rekrutieren-hotellerie-in-rumanien\/einstellung-als-koch\/\">Rekrutierung von K\u00f6chen<\/a><\/li><li><a href=\"https:\/\/www.intermann.fr\/de\/rekrutieren-hotellerie-in-rumanien\/kammerdiener\/\">Rekrutierung von Kammerdienern<\/a><\/li><\/ul><\/li><li><a href=\"https:\/\/www.intermann.fr\/de\/interim-rumanien\/\">Interim Rum\u00e4nien<\/a><\/li><li><a href=\"https:\/\/www.intermann.fr\/de\/unsere-agentur\/\">Unsere Agentur<\/a><\/li><li><a href=\"https:\/\/www.intermann.fr\/de\/rumanische-bauarbeiter-rekrutieren\/\">Rekrutierung von Bauarbeitern f\u00fcr Hoch- und Tiefbau in Rum\u00e4nien<\/a><ul><li><a href=\"https:\/\/www.intermann.fr\/de\/rumanische-bauarbeiter-rekrutieren\/dichter\/\">Einen Abdichter einstellen<\/a><\/li><li><a href=\"https:\/\/www.intermann.fr\/de\/rumanische-bauarbeiter-rekrutieren\/zimmermann\/\">Einen Zimmermann einstellen<\/a><\/li><li><a href=\"https:\/\/www.intermann.fr\/de\/rumanische-bauarbeiter-rekrutieren\/macon\/\">Maurer rekrutieren<\/a><\/li><li><a href=\"https:\/\/www.intermann.fr\/de\/rumanische-bauarbeiter-rekrutieren\/kernbohrer\/\">Kernbohrer rekrutieren<\/a><\/li><li><a href=\"https:\/\/www.intermann.fr\/de\/rumanische-bauarbeiter-rekrutieren\/dachdecker\/\">Einen Dachdecker einstellen<\/a><\/li><li><a href=\"https:\/\/www.intermann.fr\/de\/rumanische-bauarbeiter-rekrutieren\/kranfuhrer\/\">Einen Kranf\u00fchrer einstellen<\/a><\/li><li><a href=\"https:\/\/www.intermann.fr\/de\/rumanische-bauarbeiter-rekrutieren\/heizungsinstallateur\/\">Heizungsmonteur einstellen<\/a><\/li><li><a href=\"https:\/\/www.intermann.fr\/de\/rumanische-bauarbeiter-rekrutieren\/ingenieur\/\">Einen Ingenieur einstellen<\/a><\/li><li><a href=\"https:\/\/www.intermann.fr\/de\/rumanische-bauarbeiter-rekrutieren\/klempner\/\">Einen Klempner einstellen<\/a><\/li><li><a href=\"https:\/\/www.intermann.fr\/de\/rumanische-bauarbeiter-rekrutieren\/rekrutieren-bauleiter\/\">Einen Bauleiter einstellen<\/a><\/li><li><a href=\"https:\/\/www.intermann.fr\/de\/rumanische-bauarbeiter-rekrutieren\/elektriker\/\">Einen Elektriker einstellen<\/a><\/li><li><a href=\"https:\/\/www.intermann.fr\/de\/rumanische-bauarbeiter-rekrutieren\/tischler\/\">Einen Tischler einstellen<\/a><\/li><li><a href=\"https:\/\/www.intermann.fr\/de\/rumanische-bauarbeiter-rekrutieren\/metallschlosser\/\">Einen Metallschlosser anwerben<\/a><\/li><li><a href=\"https:\/\/www.intermann.fr\/de\/rumanische-bauarbeiter-rekrutieren\/kesselschmied\/\">Einen Kesselschmied einstellen<\/a><\/li><li><a href=\"https:\/\/www.intermann.fr\/de\/rumanische-bauarbeiter-rekrutieren\/baumaler\/\">Einen Maler einstellen<\/a><\/li><li><a href=\"https:\/\/www.intermann.fr\/de\/rumanische-bauarbeiter-rekrutieren\/landvermesser\/\">Einen Landvermesser einstellen<\/a><\/li><li><a href=\"https:\/\/www.intermann.fr\/de\/rumanische-bauarbeiter-rekrutieren\/rekrutieren-fahrer-von-baumaschinen\/\">Einen Baumaschinenf\u00fchrer einstellen<\/a><\/li><li><a href=\"https:\/\/www.intermann.fr\/de\/rumanische-bauarbeiter-rekrutieren\/geometer\/\">Einen Vermesser einstellen<\/a><\/li><li><a href=\"https:\/\/www.intermann.fr\/de\/rumanische-bauarbeiter-rekrutieren\/flaschenhals-bohrer\/\">Rekrutieren Sie Bottle-Forscher<\/a><\/li><li><a href=\"https:\/\/www.intermann.fr\/de\/rumanische-bauarbeiter-rekrutieren\/kanalarbeiter-rekrutieren\/\">Anwerben von Kanalarbeitern<\/a><\/li><li><a href=\"https:\/\/www.intermann.fr\/de\/rumanische-bauarbeiter-rekrutieren\/fliesenleger\/\">Einen Fliesenleger einstellen<\/a><\/li><li><a href=\"https:\/\/www.intermann.fr\/de\/rumanische-bauarbeiter-rekrutieren\/warmeisolierer\/\">W\u00e4rmeisolierer einstellen<\/a><\/li><li><a href=\"https:\/\/www.intermann.fr\/de\/rumanische-bauarbeiter-rekrutieren\/einstellung-von-bankschaltern\/\">Rekrutierung von Schalungsbauern<\/a><\/li><li><a href=\"https:\/\/www.intermann.fr\/de\/rumanische-bauarbeiter-rekrutieren\/trockenbauer\/\">Beschichter einstellen<\/a><\/li><li><a href=\"https:\/\/www.intermann.fr\/de\/rumanische-bauarbeiter-rekrutieren\/einstellung-von-terrassierern\/\">Rekrutierung von Erdarbeitern<\/a><\/li><li><a href=\"https:\/\/www.intermann.fr\/de\/rumanische-bauarbeiter-rekrutieren\/facadier\/\">Fassadenbauer rekrutieren<\/a><\/li><li><a href=\"https:\/\/www.intermann.fr\/de\/rumanische-bauarbeiter-rekrutieren\/monteuren-fur-metallstrukturen\/\">Einstellung von Monteuren f\u00fcr Metallkonstruktionen<\/a><\/li><\/ul><\/li><li><a href=\"https:\/\/www.intermann.fr\/de\/rekrutieren-medizinischer-sektor\/\">Entsendung von Personal aus Rum\u00e4nien in den medizinischen Sektor<\/a><\/li><li><a href=\"https:\/\/www.intermann.fr\/de\/rekrutieren-landwirtschaft-in-rumanien\/\">Rekrutieren Bereich Landwirtschaft<\/a><ul><li><a href=\"https:\/\/www.intermann.fr\/de\/rekrutieren-landwirtschaft-in-rumanien\/einen-traktoristen-einstellen\/\">Einen Traktoristen einstellen<\/a><\/li><li><a href=\"https:\/\/www.intermann.fr\/de\/rekrutieren-landwirtschaft-in-rumanien\/einen-seemann-fur-den-fischfang-anwerben\/\">Einen Seemann f\u00fcr den Fischfang anwerben<\/a><\/li><li><a href=\"https:\/\/www.intermann.fr\/de\/rekrutieren-landwirtschaft-in-rumanien\/bauer\/\">Einen Landwirt als Leiharbeiter aus Rum\u00e4nien anwerben<\/a><\/li><li><a href=\"https:\/\/www.intermann.fr\/de\/rekrutieren-landwirtschaft-in-rumanien\/einen-kuhhirten-anwerben\/\">Einen Kuhhirten anwerben<\/a><\/li><li><a href=\"https:\/\/www.intermann.fr\/de\/rekrutieren-landwirtschaft-in-rumanien\/rekrutieren-sie-einen-maschinenfuhrer-fur-landwirtschaftliche-betriebe\/\">Einstellung eines Landmaschinenf\u00fchrers\/einer Landmaschinenf\u00fchrerin<\/a><\/li><li><a href=\"https:\/\/www.intermann.fr\/de\/rekrutieren-landwirtschaft-in-rumanien\/rekrutieren-forstmaschinenfahrer\/\">Einen Forstmaschinenf\u00fchrer einstellen<\/a><\/li><li><a href=\"https:\/\/www.intermann.fr\/de\/rekrutieren-landwirtschaft-in-rumanien\/einen-gartenbauer-anwerben\/\">Einen G\u00e4rtner einstellen<\/a><\/li><li><a href=\"https:\/\/www.intermann.fr\/de\/rekrutieren-landwirtschaft-in-rumanien\/mechaniker-fur-landmaschinen\/\">Landmaschinenmechaniker\/innen einstellen<\/a><\/li><li><a href=\"https:\/\/www.intermann.fr\/de\/rekrutieren-landwirtschaft-in-rumanien\/einen-landwirt-anwerben\/\">Einen Landwirt anwerben<\/a><\/li><li><a href=\"https:\/\/www.intermann.fr\/de\/rekrutieren-landwirtschaft-in-rumanien\/einstellung-von-gewachshausarbeitern\/\">Einstellung von Arbeitern f\u00fcr die Gew\u00e4chshausproduktion<\/a><\/li><li><a href=\"https:\/\/www.intermann.fr\/de\/rekrutieren-landwirtschaft-in-rumanien\/rekrutieren-von-landwirtschaftlichen-arbeitern\/\">Rekrutieren von Landarbeiter<\/a><\/li><li><a href=\"https:\/\/www.intermann.fr\/de\/rekrutieren-landwirtschaft-in-rumanien\/einen-weinleser-einstellen\/\">Einen Weinleser einstellen<\/a><\/li><li><a href=\"https:\/\/www.intermann.fr\/de\/rekrutieren-landwirtschaft-in-rumanien\/einstellung-von-gartnern\/\">Rekrutierung von Gartenbauern<\/a><\/li><li><a href=\"https:\/\/www.intermann.fr\/de\/rekrutieren-landwirtschaft-in-rumanien\/rekrutieren-arbeiter-winzer\/\">Winzerarbeiter rekrutieren<\/a><\/li><li><a href=\"https:\/\/www.intermann.fr\/de\/rekrutieren-landwirtschaft-in-rumanien\/einen-kultivator-anwerben\/\">Einen Kultivator anwerben<\/a><\/li><li><a href=\"https:\/\/www.intermann.fr\/de\/rekrutieren-landwirtschaft-in-rumanien\/rekrutieren-von-agraringenieuren\/\">Rekrutieren von Agraringenieuren<\/a><\/li><li><a href=\"https:\/\/www.intermann.fr\/de\/rekrutieren-landwirtschaft-in-rumanien\/imker\/\">Einen Imker anwerben<\/a><\/li><li><a href=\"https:\/\/www.intermann.fr\/de\/rekrutieren-landwirtschaft-in-rumanien\/einen-zuchter-anwerben\/\">Einen Z\u00fcchter anwerben<\/a><\/li><li><a href=\"https:\/\/www.intermann.fr\/de\/rekrutieren-landwirtschaft-in-rumanien\/winzer\/\">Einen Weinbauern anwerben<\/a><\/li><\/ul><\/li><li><a href=\"https:\/\/www.intermann.fr\/de\/rekrutieren-btp-in-rumanien\/\">Rekrutierung BTP in Rum\u00e4nien<\/a><\/li><li><a href=\"https:\/\/www.intermann.fr\/de\/rekrutieren-transport-zeitarbeiter\/\">Rekrutierung Transport in Rum\u00e4nien<\/a><ul><li><a href=\"https:\/\/www.intermann.fr\/de\/rekrutieren-transport-zeitarbeiter\/einstellung-von-umzugshelfern\/\">Rekrutierung von Umzugshelfern<\/a><\/li><li><a href=\"https:\/\/www.intermann.fr\/de\/rekrutieren-transport-zeitarbeiter\/einstellung-von-rettungssanitatern\/\">Rekrutierung von Rettungssanit\u00e4tern<\/a><\/li><li><a href=\"https:\/\/www.intermann.fr\/de\/rekrutieren-transport-zeitarbeiter\/einstellung-eines-postboten\/\">Rekrutierung von Postboten<\/a><\/li><li><a href=\"https:\/\/www.intermann.fr\/de\/rekrutieren-transport-zeitarbeiter\/einstellung-von-zustellern\/\">Rekrutierung von Zustellern<\/a><\/li><li><a href=\"https:\/\/www.intermann.fr\/de\/rekrutieren-transport-zeitarbeiter\/einstellung-von-busfahrern\/\">Rekrutierung von Busfahrern<\/a><\/li><li><a href=\"https:\/\/www.intermann.fr\/de\/rekrutieren-transport-zeitarbeiter\/einstellung-von-privatfahrern\/\">Rekrutierung von Chauffeur von Privatpersonen<\/a><\/li><li><a href=\"https:\/\/www.intermann.fr\/de\/rekrutieren-transport-zeitarbeiter\/einstellung-von-wartungspersonal\/\">Rekrutierung von Wartungsmitarbeitern<\/a><\/li><li><a href=\"https:\/\/www.intermann.fr\/de\/rekrutieren-transport-zeitarbeiter\/einstellung-eines-spl-fahrers\/\">Rekrutierung von SPL-Fahrern<\/a><\/li><li><a href=\"https:\/\/www.intermann.fr\/de\/rekrutieren-transport-zeitarbeiter\/einstellung-von-affreter\/\">Rekrutierung von Frachtschiffern<\/a><\/li><li><a href=\"https:\/\/www.intermann.fr\/de\/rekrutieren-transport-zeitarbeiter\/einstellung-von-eisenbahnmechanikern\/\">Rekrutierung von Eisenbahnmechanikern<\/a><\/li><li><a href=\"https:\/\/www.intermann.fr\/de\/rekrutieren-transport-zeitarbeiter\/rekrutierung-von-schiffsmechanikern\/\">Rekrutierung von Marinemechanikern<\/a><\/li><\/ul><\/li><li><a href=\"https:\/\/www.intermann.fr\/de\/logistik\/\">Recruiting Logistik in Rum\u00e4nien<\/a><ul><li><a href=\"https:\/\/www.intermann.fr\/de\/logistik\/einstellung-von-gabelstaplerfahrern\/\">Einstellung von Gabelstaplerfahrern<\/a><\/li><li><a href=\"https:\/\/www.intermann.fr\/de\/logistik\/einstellung-von-lkw-fahrern\/\">Rekrutierung von LKW-Fahrern<\/a><\/li><li><a href=\"https:\/\/www.intermann.fr\/de\/logistik\/einstellung-eines-lageristen\/\">Rekrutierung von Lagerarbeitern<\/a><\/li><li><a href=\"https:\/\/www.intermann.fr\/de\/logistik\/rekrutierung-von-kommissionierern\/\">Rekrutierung von Kommissionierern<\/a><\/li><li><a href=\"https:\/\/www.intermann.fr\/de\/logistik\/einstellung-von-logistikversorgern\/\">Rekrutierung von Logistikbeschaffern<\/a><\/li><li><a href=\"https:\/\/www.intermann.fr\/de\/logistik\/einstellung-von-lagerarbeitern\/\">Einstellung von Lagerarbeitern<\/a><\/li><li><a href=\"https:\/\/www.intermann.fr\/de\/logistik\/einstellung-von-logistiktechnikern\/\">Rekrutierung von Logistik-Technikern<\/a><\/li><li><a href=\"https:\/\/www.intermann.fr\/de\/logistik\/einstellung-eines-logistik-dockleiters\/\">Rekrutierung von Logistik-Kaileitern<\/a><\/li><li><a href=\"https:\/\/www.intermann.fr\/de\/logistik\/einstellung-eines-logistikmanagers\/\">Rekrutierung von Logistik-Managern<\/a><\/li><li><a href=\"https:\/\/www.intermann.fr\/de\/logistik\/einstellung-von-wartungspersonal-2\/\">Einstellung von Instandhaltungskr\u00e4ften<\/a><\/li><li><a href=\"https:\/\/www.intermann.fr\/de\/logistik\/einstellung-eines-auslieferungsfahrers\/\">Rekrutierung von Lieferfahrern<\/a><\/li><\/ul><\/li><li><a href=\"https:\/\/www.intermann.fr\/de\/blog-detachierte-arbeitnehmer\/\">Blog entsandte Arbeitnehmer<\/a><\/li><li><a href=\"https:\/\/www.intermann.fr\/de\/das-video\/\">Das Video<\/a><\/li><li><a href=\"https:\/\/www.intermann.fr\/de\/datenschutzrichtlinie\/\">Datenschutzrichtlinie<\/a><\/li><li><a href=\"https:\/\/www.intermann.fr\/de\/rekrutieren-industrie\/\">Rekrutierung in der Industrie in Frankreich<\/a><ul><li><a href=\"https:\/\/www.intermann.fr\/de\/rekrutieren-industrie\/installateur-von-photovoltaischen-solarmodulen\/\">Installateur von Photovoltaik-Solarmodulen<\/a><\/li><\/ul><\/li><\/ul><\/ul><\/div> <!-- .kwayy-html-sitemap-wrapper -->","protected":false},"excerpt":{"rendered":"","protected":false},"author":1,"featured_media":0,"parent":0,"menu_order":0,"comment_status":"closed","ping_status":"closed","template":"","meta":{"rop_custom_images_group":[],"rop_custom_messages_group":[],"rop_publish_now":"initial","rop_publish_now_accounts":[],"rop_publish_now_history":[],"rop_publish_now_status":"pending","footnotes":""},"class_list":["post-7496","page","type-page","status-publish","hentry"],"yoast_head":"<!-- This site is optimized with the Yoast SEO plugin v26.6 - https:\/\/yoast.com\/wordpress\/plugins\/seo\/ -->\n<title>Plan du site - Intermann<\/title>\n<meta name=\"description\" content=\"Pr\u00e9sentation de la liste des m\u00e9tiers pour d\u00e9tachement de travailleurs temporaires en France depuis la Roumanie\" \/>\n<meta name=\"robots\" content=\"index, follow, max-snippet:-1, max-image-preview:large, max-video-preview:-1\" \/>\n<link rel=\"canonical\" href=\"https:\/\/www.intermann.fr\/de\/sitemap\/\" \/>\n<meta property=\"og:locale\" content=\"de_DE\" \/>\n<meta property=\"og:type\" content=\"article\" \/>\n<meta property=\"og:title\" content=\"Plan du site - Intermann\" \/>\n<meta property=\"og:description\" content=\"Pr\u00e9sentation de la liste des m\u00e9tiers pour d\u00e9tachement de travailleurs temporaires en France depuis la Roumanie\" \/>\n<meta property=\"og:url\" content=\"https:\/\/www.intermann.fr\/de\/sitemap\/\" \/>\n<meta property=\"og:site_name\" content=\"Intermann\" \/>\n<meta property=\"article:publisher\" content=\"https:\/\/www.facebook.com\/muncainFranta\" \/>\n<meta property=\"og:image\" content=\"https:\/\/www.intermann.fr\/wp-content\/uploads\/2023\/03\/agence-de-travailleur-detache-.jpg\" \/>\n\t<meta property=\"og:image:width\" content=\"1806\" \/>\n\t<meta property=\"og:image:height\" content=\"903\" \/>\n\t<meta property=\"og:image:type\" content=\"image\/jpeg\" \/>\n<meta name=\"twitter:card\" content=\"summary_large_image\" \/>\n<meta name=\"twitter:site\" content=\"@intermann_work\" \/>\n<meta name=\"twitter:label1\" content=\"Gesch\u00e4tzte Lesezeit\" \/>\n\t<meta name=\"twitter:data1\" content=\"1\u00a0Minute\" \/>\n<script type=\"application\/ld+json\" class=\"yoast-schema-graph\">{\"@context\":\"https:\/\/schema.org\",\"@graph\":[{\"@type\":\"WebPage\",\"@id\":\"https:\/\/www.intermann.fr\/sitemap\/\",\"url\":\"https:\/\/www.intermann.fr\/sitemap\/\",\"name\":\"Plan du site - Intermann\",\"isPartOf\":{\"@id\":\"https:\/\/www.intermann.fr\/#website\"},\"datePublished\":\"2023-12-08T13:35:44+00:00\",\"description\":\"Pr\u00e9sentation de la liste des m\u00e9tiers pour d\u00e9tachement de travailleurs temporaires en France depuis la Roumanie\",\"breadcrumb\":{\"@id\":\"https:\/\/www.intermann.fr\/sitemap\/#breadcrumb\"},\"inLanguage\":\"de\",\"potentialAction\":[{\"@type\":\"ReadAction\",\"target\":[\"https:\/\/www.intermann.fr\/sitemap\/\"]}]},{\"@type\":\"BreadcrumbList\",\"@id\":\"https:\/\/www.intermann.fr\/sitemap\/#breadcrumb\",\"itemListElement\":[{\"@type\":\"ListItem\",\"position\":1,\"name\":\"Intermann Agence Interim Roumanie\",\"item\":\"https:\/\/www.intermann.fr\/\"},{\"@type\":\"ListItem\",\"position\":2,\"name\":\"Plan du site\"}]},{\"@type\":\"WebSite\",\"@id\":\"https:\/\/www.intermann.fr\/#website\",\"url\":\"https:\/\/www.intermann.fr\/\",\"name\":\"Intermann\",\"description\":\"Recruter en Roumanie pour votre secteur en France\",\"publisher\":{\"@id\":\"https:\/\/www.intermann.fr\/#organization\"},\"potentialAction\":[{\"@type\":\"SearchAction\",\"target\":{\"@type\":\"EntryPoint\",\"urlTemplate\":\"https:\/\/www.intermann.fr\/?s={search_term_string}\"},\"query-input\":{\"@type\":\"PropertyValueSpecification\",\"valueRequired\":true,\"valueName\":\"search_term_string\"}}],\"inLanguage\":\"de\"},{\"@type\":\"Organization\",\"@id\":\"https:\/\/www.intermann.fr\/#organization\",\"name\":\"Intermann : Agence travailleur temporaire\",\"alternateName\":\"Intermann\",\"url\":\"https:\/\/www.intermann.fr\/\",\"logo\":{\"@type\":\"ImageObject\",\"inLanguage\":\"de\",\"@id\":\"https:\/\/www.intermann.fr\/#\/schema\/logo\/image\/\",\"url\":\"https:\/\/www.intermann.fr\/wp-content\/uploads\/2022\/05\/logo-Intermann.png\",\"contentUrl\":\"https:\/\/www.intermann.fr\/wp-content\/uploads\/2022\/05\/logo-Intermann.png\",\"width\":2472,\"height\":2142,\"caption\":\"Intermann : Agence travailleur temporaire\"},\"image\":{\"@id\":\"https:\/\/www.intermann.fr\/#\/schema\/logo\/image\/\"},\"sameAs\":[\"https:\/\/www.facebook.com\/muncainFranta\",\"https:\/\/x.com\/intermann_work\",\"https:\/\/www.linkedin.com\/company\/intermann-interim\/\"]}]}<\/script>\n<!-- \/ Yoast SEO plugin. -->","yoast_head_json":{"title":"Sitemap - Intermann","description":"\u00dcbersicht \u00fcber die Liste der Berufe f\u00fcr die Entsendung von Zeitarbeitern aus Rum\u00e4nien nach Frankreich","robots":{"index":"index","follow":"follow","max-snippet":"max-snippet:-1","max-image-preview":"max-image-preview:large","max-video-preview":"max-video-preview:-1"},"canonical":"https:\/\/www.intermann.fr\/de\/sitemap\/","og_locale":"de_DE","og_type":"article","og_title":"Plan du site - Intermann","og_description":"Pr\u00e9sentation de la liste des m\u00e9tiers pour d\u00e9tachement de travailleurs temporaires en France depuis la Roumanie","og_url":"https:\/\/www.intermann.fr\/de\/sitemap\/","og_site_name":"Intermann","article_publisher":"https:\/\/www.facebook.com\/muncainFranta","og_image":[{"width":1806,"height":903,"url":"https:\/\/www.intermann.fr\/wp-content\/uploads\/2023\/03\/agence-de-travailleur-detache-.jpg","type":"image\/jpeg"}],"twitter_card":"summary_large_image","twitter_site":"@intermann_work","twitter_misc":{"Gesch\u00e4tzte Lesezeit":"1\u00a0Minute"},"schema":{"@context":"https:\/\/schema.org","@graph":[{"@type":"WebPage","@id":"https:\/\/www.intermann.fr\/sitemap\/","url":"https:\/\/www.intermann.fr\/sitemap\/","name":"Sitemap - Intermann","isPartOf":{"@id":"https:\/\/www.intermann.fr\/#website"},"datePublished":"2023-12-08T13:35:44+00:00","description":"\u00dcbersicht \u00fcber die Liste der Berufe f\u00fcr die Entsendung von Zeitarbeitern aus Rum\u00e4nien nach Frankreich","breadcrumb":{"@id":"https:\/\/www.intermann.fr\/sitemap\/#breadcrumb"},"inLanguage":"de","potentialAction":[{"@type":"ReadAction","target":["https:\/\/www.intermann.fr\/sitemap\/"]}]},{"@type":"BreadcrumbList","@id":"https:\/\/www.intermann.fr\/sitemap\/#breadcrumb","itemListElement":[{"@type":"ListItem","position":1,"name":"Intermann Agence Interim Roumanie","item":"https:\/\/www.intermann.fr\/"},{"@type":"ListItem","position":2,"name":"Plan du site"}]},{"@type":"WebSite","@id":"https:\/\/www.intermann.fr\/#website","url":"https:\/\/www.intermann.fr\/","name":"Intermann","description":"Rekrutierung in Rum\u00e4nien f\u00fcr Ihren Sektor in Frankreich","publisher":{"@id":"https:\/\/www.intermann.fr\/#organization"},"potentialAction":[{"@type":"SearchAction","target":{"@type":"EntryPoint","urlTemplate":"https:\/\/www.intermann.fr\/?s={search_term_string}"},"query-input":{"@type":"PropertyValueSpecification","valueRequired":true,"valueName":"search_term_string"}}],"inLanguage":"de"},{"@type":"Organization","@id":"https:\/\/www.intermann.fr\/#organization","name":"Intermann: Agentur f\u00fcr Zeitarbeit","alternateName":"Intermann","url":"https:\/\/www.intermann.fr\/","logo":{"@type":"ImageObject","inLanguage":"de","@id":"https:\/\/www.intermann.fr\/#\/schema\/logo\/image\/","url":"https:\/\/www.intermann.fr\/wp-content\/uploads\/2022\/05\/logo-Intermann.png","contentUrl":"https:\/\/www.intermann.fr\/wp-content\/uploads\/2022\/05\/logo-Intermann.png","width":2472,"height":2142,"caption":"Intermann : Agence travailleur temporaire"},"image":{"@id":"https:\/\/www.intermann.fr\/#\/schema\/logo\/image\/"},"sameAs":["https:\/\/www.facebook.com\/muncainFranta","https:\/\/x.com\/intermann_work","https:\/\/www.linkedin.com\/company\/intermann-interim\/"]}]}},"_links":{"self":[{"href":"https:\/\/www.intermann.fr\/de\/wp-json\/wp\/v2\/pages\/7496","targetHints":{"allow":["GET"]}}],"collection":[{"href":"https:\/\/www.intermann.fr\/de\/wp-json\/wp\/v2\/pages"}],"about":[{"href":"https:\/\/www.intermann.fr\/de\/wp-json\/wp\/v2\/types\/page"}],"author":[{"embeddable":true,"href":"https:\/\/www.intermann.fr\/de\/wp-json\/wp\/v2\/users\/1"}],"replies":[{"embeddable":true,"href":"https:\/\/www.intermann.fr\/de\/wp-json\/wp\/v2\/comments?post=7496"}],"version-history":[{"count":1,"href":"https:\/\/www.intermann.fr\/de\/wp-json\/wp\/v2\/pages\/7496\/revisions"}],"predecessor-version":[{"id":7497,"href":"https:\/\/www.intermann.fr\/de\/wp-json\/wp\/v2\/pages\/7496\/revisions\/7497"}],"wp:attachment":[{"href":"https:\/\/www.intermann.fr\/de\/wp-json\/wp\/v2\/media?parent=7496"}],"curies":[{"name":"wp","href":"https:\/\/api.w.org\/{rel}","templated":true}]}}